{"id":749,"date":"2023-01-23T10:18:13","date_gmt":"2023-01-23T09:18:13","guid":{"rendered":"https:\/\/esser-zerspanungstechnik.de\/?page_id=749"},"modified":"2023-01-23T10:40:17","modified_gmt":"2023-01-23T09:40:17","slug":"mitarbeiter-gesucht","status":"publish","type":"page","link":"https:\/\/esser-zerspanungstechnik.de\/en\/mitarbeiter-gesucht\/","title":{"rendered":"Mitarbeiter gesucht"},"content":{"rendered":"<span itemprop=\"description\">\n<h2><strong>Wir suchen zur sofortigen Einstellung<\/strong> (m\/w\/d)<\/h2>\n\n\n\n<p><strong>Im Bereich der mech. Fertigung:<\/strong><br>\u2022 1 Karusselldreher*in \u2013 Siemens 810D sowie 828D<br>\u2022 1 CNC-Dreher*in \u2013 Siemens 3T bis Siemens 828D<br>\u2022 1 Konventionelle*n Dreher*in \u2013 Euroturn der Fa. R&amp;D<\/p>\n\n\n\n<p><\/p>\n\n\n\n<p><strong>Im Bereich des Stahlbaues \/ Schwei\u00dferei:<\/strong><br>\u2022 1 mitarbeitender Handwerks- oder Industriemeister \/ Techniker aus dem Bereich Konstruktionstechnik als Stellvertretung der Leitung und mittelfristige \u00dcbernahme der Abteilung<br>\u2022 1 Konstruktionsmechaniker*in \/ Stahlbauschlosser<br>\u2022 1 Schwei\u00dfer*in MAG, wenn m\u00f6glich mit WIG Erfahrung<\/p>\n\n\n\n\n\n<p><\/p>\n\n\n\n<p>Wir ben\u00f6tigen Verst\u00e4rkung f\u00fcr unsere Teams. Sie werden an Ihrem Arbeitsplatz mit der Fertigung von stets neuen Bauteilen in Lohnfertigung betraut.<br>Wenn Sie an einer Arbeitsstelle mit hohen Anforderungen und t\u00e4glich neuen Herausforderungen interessiert sind, sind Sie bei uns an der richtigen Adresse.<\/p>\n\n\n\n<p><strong>Wir bieten:<br><\/strong>\u2022 Leistungsgerechte Verg\u00fctung<br>\u2022 Urlaubs und Weihnachtgeld<br>\u2022 M\u00f6glichkeit zur Weiterbildung<br>\u2022 1 Schicht Betrieb<br>\u2022 14-t\u00e4gige Betriebsferien<br>\u2022 30 Tage Urlaub<br>\u2022 Arbeitskleidung inkl. Reinigung<br>\u2022 Bike Leasing<br>\u2022 Freie Nutzung des betrieblichen Fitnessstudios<\/p>\n\n\n\n<p><\/p>\n\n\n\n<p><strong>Hast du Interesse?<\/strong><br>Dann sende uns deine aussagekr\u00e4ftigen Bewerbungsunterlagen an<br> <a href=\"mailto:Esser.Dominik@online.de\">d.esser@esser-zerspanungstechnik.de<\/a><\/p>\n\n\n\n<p><\/p>\n<span>","protected":false},"excerpt":{"rendered":"<p class=\"excerpt\"><span itemprop=\"description\">Wir suchen zur sofortigen Einstellung (m\/w\/d) Im Bereich der mech. Fertigung:\u2022 1 Karusselldreher*in \u2013 Siemens 810D sowie 828D\u2022 1 CNC-Dreher*in \u2013 Siemens 3T bis Siemens 828D\u2022 1 Konventionelle*n Dreher*in \u2013 Euroturn der Fa. R&amp;D Im Bereich des Stahlbaues \/ Schwei\u00dferei:\u2022 1 mitarbeitender Handwerks- oder Industriemeister&hellip;<\/span><\/p>\n<p class=\"more-link-p btn-align-center\"><a class=\"red zoom-btn\" href=\"https:\/\/esser-zerspanungstechnik.de\/en\/mitarbeiter-gesucht\/\">Read More<\/a><\/p>\n","protected":false},"author":1,"featured_media":0,"parent":0,"menu_order":0,"comment_status":"closed","ping_status":"closed","template":"","meta":[],"_links":{"self":[{"href":"https:\/\/esser-zerspanungstechnik.de\/en\/wp-json\/wp\/v2\/pages\/749"}],"collection":[{"href":"https:\/\/esser-zerspanungstechnik.de\/en\/wp-json\/wp\/v2\/pages"}],"about":[{"href":"https:\/\/esser-zerspanungstechnik.de\/en\/wp-json\/wp\/v2\/types\/page"}],"author":[{"embeddable":true,"href":"https:\/\/esser-zerspanungstechnik.de\/en\/wp-json\/wp\/v2\/users\/1"}],"replies":[{"embeddable":true,"href":"https:\/\/esser-zerspanungstechnik.de\/en\/wp-json\/wp\/v2\/comments?post=749"}],"version-history":[{"count":5,"href":"https:\/\/esser-zerspanungstechnik.de\/en\/wp-json\/wp\/v2\/pages\/749\/revisions"}],"predecessor-version":[{"id":768,"href":"https:\/\/esser-zerspanungstechnik.de\/en\/wp-json\/wp\/v2\/pages\/749\/revisions\/768"}],"wp:attachment":[{"href":"https:\/\/esser-zerspanungstechnik.de\/en\/wp-json\/wp\/v2\/media?parent=749"}],"curies":[{"name":"wp","href":"https:\/\/api.w.org\/{rel}","templated":true}]}}