{"id":601,"date":"2022-01-28T09:05:43","date_gmt":"2022-01-28T08:05:43","guid":{"rendered":"https:\/\/esser-zerspanungstechnik.de\/?page_id=601"},"modified":"2023-01-23T10:37:57","modified_gmt":"2023-01-23T09:37:57","slug":"lehrlinge-gesucht","status":"publish","type":"page","link":"https:\/\/esser-zerspanungstechnik.de\/en\/lehrlinge-gesucht\/","title":{"rendered":"Auszubildende gesucht"},"content":{"rendered":"<span itemprop=\"description\">\n<h2>Wir suchen f\u00fcr das kommende Jahr Auszubildende (m\/w\/d) f\u00fcr die Bereiche:<\/h2>\n\n\n\n<div class=\"is-layout-flex wp-container-2 wp-block-columns\">\n<div class=\"is-layout-flow wp-block-column\"><\/div>\n<\/div>\n\n\n\n<p><strong>\u2022 2 Auszubildende im Bereich Zerspanungsmechaniker*in Fachrichtung Drehmaschinensysteme<\/strong><\/p>\n\n\n\n<p>Wir ben\u00f6tigen dringend Verst\u00e4rkung f\u00fcr unser Team und suchen Auszubildende, die bei erfolgreicher Ausbildung, in eine langfristige Festanstellung \u00fcbernommen werden.<\/p>\n\n\n\n<p>In unserem Unternehmen arbeiten sie zu gro\u00dfen Teilen selbstverantwortlich und erlernen den Beruf bereits mit Beginn der Ausbildung in der Produktion.<\/p>\n\n\n\n<p>Die Ausbildung in unserem Unternehmen zeichnet sich unter anderem dadurch aus, dass sie von der selbstst\u00e4ndigen Arbeitsplanung bis hin zur Qualit\u00e4tskontrolle am Ende der Herstellung eines Bauteils alle Schritte erlernen und regelm\u00e4\u00dfig durchf\u00fchren.<\/p>\n\n\n\n<p>Weiterhin ist unsere Produktportfolio die Lohnfertigung von Einzelteilen bzw. Kleinserien. <br>Dies bedeutet einen abwechslungsreichen Alltag mit st\u00e4ndig neuen Herausforderungen.<\/p>\n\n\n\n<p>Als Highlight k\u00f6nnen Sie kostenfrei das in unserem Unternehmen eingerichtete Fitnessstudio nutzen und an den in regelm\u00e4\u00dfigen Abst\u00e4nden stattfindenden au\u00dferbetrieblichen Aktivit\u00e4ten, wie zum Beispiel unserem Sommerfest, beteiligen. Berufskleidung und Arbeitsschuhe sowie deren Reinigung erfolgen \u00fcber unser Unternehmen. Weiterhin bieten wir nach der Probezeit die M\u00f6glichkeit zum Bike-Leasing.<\/p>\n\n\n\n<div style=\"height:100px\" aria-hidden=\"true\" class=\"wp-block-spacer\"><\/div>\n\n\n\n<p><strong>\u2022 1 Auszubildende*n im Bereich Konstruktionsmechaniker*in<\/strong><\/p>\n\n\n\n<p>Wir ben\u00f6tigen dringend Verst\u00e4rkung f\u00fcr unser Team und suchen Auszubildende, die bei erfolgreicher Ausbildung, in eine langfristige Festanstellung \u00fcbernommen werden.<\/p>\n\n\n\n<p>In unserem Unternehmen arbeiten sie zu gro\u00dfen Teilen selbstverantwortlich und erlernen den Beruf bereits mit Beginn der Ausbildung in der Produktion.<\/p>\n\n\n\n<p>Die Ausbildung in unserem Unternehmen zeichnet sich unter anderem dadurch aus, dass sie von der selbstst\u00e4ndigen Arbeitsplanung bis hin zur Qualit\u00e4tskontrolle am Ende der Herstellung eines Bauteils alle Schritte erlernen und regelm\u00e4\u00dfig durchf\u00fchren.<\/p>\n\n\n\n<p>Weiterhin ist unsere Produktportfolio die Lohnfertigung von Einzelteilen bzw. Kleinserien. Dies bedeutet einen abwechslungsreichen Alltag mit st\u00e4ndig neuen Herausforderungen.<\/p>\n\n\n\n<p>Als Highlight k\u00f6nnen Sie kostenfrei das in unserem Unternehmen eingerichtete Fitnessstudio nutzen und an den in regelm\u00e4\u00dfigen Abst\u00e4nden stattfindenden au\u00dferbetrieblichen Aktivit\u00e4ten, wie zum Beispiel unserem Sommerfest, beteiligen.<\/p>\n<span>","protected":false},"excerpt":{"rendered":"<p class=\"excerpt\"><span itemprop=\"description\">Wir suchen f\u00fcr das kommende Jahr Auszubildende (m\/w\/d) f\u00fcr die Bereiche: \u2022 2 Auszubildende im Bereich Zerspanungsmechaniker*in Fachrichtung Drehmaschinensysteme Wir ben\u00f6tigen dringend Verst\u00e4rkung f\u00fcr unser Team und suchen Auszubildende, die bei erfolgreicher Ausbildung, in eine langfristige Festanstellung \u00fcbernommen werden. In unserem Unternehmen arbeiten sie zu&hellip;<\/span><\/p>\n<p class=\"more-link-p btn-align-center\"><a class=\"red zoom-btn\" href=\"https:\/\/esser-zerspanungstechnik.de\/en\/lehrlinge-gesucht\/\">Read More<\/a><\/p>\n","protected":false},"author":1,"featured_media":0,"parent":0,"menu_order":0,"comment_status":"closed","ping_status":"closed","template":"","meta":[],"_links":{"self":[{"href":"https:\/\/esser-zerspanungstechnik.de\/en\/wp-json\/wp\/v2\/pages\/601"}],"collection":[{"href":"https:\/\/esser-zerspanungstechnik.de\/en\/wp-json\/wp\/v2\/pages"}],"about":[{"href":"https:\/\/esser-zerspanungstechnik.de\/en\/wp-json\/wp\/v2\/types\/page"}],"author":[{"embeddable":true,"href":"https:\/\/esser-zerspanungstechnik.de\/en\/wp-json\/wp\/v2\/users\/1"}],"replies":[{"embeddable":true,"href":"https:\/\/esser-zerspanungstechnik.de\/en\/wp-json\/wp\/v2\/comments?post=601"}],"version-history":[{"count":23,"href":"https:\/\/esser-zerspanungstechnik.de\/en\/wp-json\/wp\/v2\/pages\/601\/revisions"}],"predecessor-version":[{"id":767,"href":"https:\/\/esser-zerspanungstechnik.de\/en\/wp-json\/wp\/v2\/pages\/601\/revisions\/767"}],"wp:attachment":[{"href":"https:\/\/esser-zerspanungstechnik.de\/en\/wp-json\/wp\/v2\/media?parent=601"}],"curies":[{"name":"wp","href":"https:\/\/api.w.org\/{rel}","templated":true}]}}